{"id":626,"date":"2020-09-18T13:26:16","date_gmt":"2020-09-18T13:26:16","guid":{"rendered":"https:\/\/automobile-exoten.de\/wp_ae\/index.php\/about\/"},"modified":"2026-05-03T14:16:44","modified_gmt":"2026-05-03T14:16:44","slug":"ueber-mich","status":"publish","type":"page","link":"https:\/\/oldtimerfreunde-ansbach.de\/wp_ofa\/ueber-mich\/","title":{"rendered":"\u00dcber uns"},"content":{"rendered":"\n<p class=\"has-large-font-size\">Die Oldtimer Freunde Ansbach und Umgebung<\/p>\n\n\n\n<div class=\"wp-block-columns is-layout-flex wp-container-core-columns-is-layout-28f84493 wp-block-columns-is-layout-flex\">\n<div class=\"wp-block-column is-layout-flow wp-block-column-is-layout-flow\" style=\"flex-basis:50%\">\n<figure class=\"wp-block-image aligncenter size-large\"><img loading=\"lazy\" decoding=\"async\" width=\"861\" height=\"1024\" src=\"https:\/\/oldtimerfreunde-ansbach.de\/wp_ofa\/wp-content\/uploads\/2026\/05\/alpen-861x1024.jpg\" alt=\"\" class=\"wp-image-3487\" style=\"aspect-ratio:0.803082191780822\" srcset=\"https:\/\/oldtimerfreunde-ansbach.de\/wp_ofa\/wp-content\/uploads\/2026\/05\/alpen-861x1024.jpg 861w, https:\/\/oldtimerfreunde-ansbach.de\/wp_ofa\/wp-content\/uploads\/2026\/05\/alpen-252x300.jpg 252w, https:\/\/oldtimerfreunde-ansbach.de\/wp_ofa\/wp-content\/uploads\/2026\/05\/alpen-768x913.jpg 768w, https:\/\/oldtimerfreunde-ansbach.de\/wp_ofa\/wp-content\/uploads\/2026\/05\/alpen.jpg 1166w\" sizes=\"auto, (max-width: 861px) 100vw, 861px\" \/><\/figure>\n<\/div>\n\n\n\n<div class=\"wp-block-column is-vertically-aligned-center is-layout-flow wp-block-column-is-layout-flow\" style=\"flex-basis:35%\">\n<p class=\"has-text-align-left\"><\/p>\n<\/div>\n<\/div>\n\n\n\n<div class=\"wp-block-columns is-layout-flex wp-container-core-columns-is-layout-28f84493 wp-block-columns-is-layout-flex\">\n<div class=\"wp-block-column is-layout-flow wp-block-column-is-layout-flow\" style=\"flex-basis:50%\">\n<p class=\"has-text-align-left\">Unser Verein wurden auf Initiative von Helmut Heinlein am 4.4.1986 gegr\u00fcndet. Helmut Heinlein wurde nat\u00fcrlich auch 1. Vorstand des Vereins. Das Ziel der Oldtimerfreunde ist gem\u00e4\u00df der Satzung die F\u00f6rderung der Interessen der Besitzer von Veteranenfahr-zeugen, die Pflege des Veteranensports und die Erforschung der Entwicklung des Kraftfahrzeugs und die Durchf\u00fchrung der j\u00e4hrlichen Ansbach Classic Ausfahrt im September.<\/p>\n\n\n\n<p class=\"has-text-align-left\"><br>Gleich im Gr\u00fcndungsjahr fand die 2. Oldtimerausfahrt statt, sodass der Verein im Jahr 2025 bereits die 39. Ausfahrt organisieren kann. Die erste Ausfahrt wurde noch auf private Initiative der Vereinsgr\u00fcndungsmitglieder durchgef\u00fchrt. Die Ausfahrten f\u00fchrten alle durch die n\u00e4here oder weitere Umgebung von Ansbach.<br><\/p>\n\n\n\n<p class=\"has-text-align-left\">Im Jahr 1992 fand die erste Alpenausfahrt statt, die nach Oberbayern, \u00d6sterreich und S\u00fcdtirol f\u00fchrte. Diese Ausfahrten finden in der Regel alle zwei Jahre statt und erfreuen sich gro\u00dfer Beliebtheit. In malerischer Bergkulisse werden Ausfahrten zu spektakul\u00e4ren Zielen geplant, die ein unvergessenes Erlebnis darstellen.<\/p>\n<\/div>\n\n\n\n<div class=\"wp-block-column is-vertically-aligned-top is-layout-flow wp-block-column-is-layout-flow\" style=\"flex-basis:35%\">\n<p>Im Jahr 2004 verstarb Helmut Heinlein, ihm folgte als 1. Vorstand Horst Wedekind, der bisherige 2. Vorstand. Zum neuen 2. Vorstand w\u00e4hlte die Hauptversammlung einstimmig Walter Koch, der diesen Posten immer noch ausf\u00fchrt. Horst Wedekind lenkte die Geschicke des Vereins bis 2024. In diesem Jahr legte Horst Wedekind nach 34-j\u00e4hrigem Einsatz sein Amt als 1. Vorstand nieder. Auf ihn folgte Karl Maurer, der im April 2024 von der Hauptversammlung zu seinem Nachfolger gew\u00e4hlt wurde. Als 2. Vorstand wurde Walter Koch best\u00e4tigt. Und f\u00fcr mich pers\u00f6nlich ist es einfach jedesmal eine Freude, das diese Geschichte mit jedem neuen Besitzer weiter erz\u00e4hlt wird&#8230;<\/p>\n<\/div>\n<\/div>\n\n\n\n<p><\/p>\n\n\n<style>.wp-block-kadence-spacer.kt-block-spacer-626_e3b38a-36 .kt-block-spacer{height:37px;}.wp-block-kadence-spacer.kt-block-spacer-626_e3b38a-36 .kt-divider{border-top-width:1px;height:1px;border-top-color:#bd0104;width:100%;border-top-style:solid;}<\/style>\n<div class=\"wp-block-kadence-spacer aligncenter kt-block-spacer-626_e3b38a-36\"><div class=\"kt-block-spacer kt-block-spacer-halign-center\"><hr class=\"kt-divider\"\/><\/div><\/div>\n","protected":false},"excerpt":{"rendered":"<p>Die Oldtimer Freunde Ansbach und Umgebung Unser Verein wurden auf Initiative von Helmut Heinlein am 4.4.1986 gegr\u00fcndet. Helmut Heinlein wurde nat\u00fcrlich auch 1. Vorstand des Vereins. Das Ziel der Oldtimerfreunde ist gem\u00e4\u00df der Satzung die F\u00f6rderung der Interessen der Besitzer von Veteranenfahr-zeugen, die Pflege des Veteranensports und die Erforschung der Entwicklung des Kraftfahrzeugs und die [&hellip;]<\/p>\n","protected":false},"author":1,"featured_media":0,"parent":0,"menu_order":0,"comment_status":"closed","ping_status":"closed","template":"","meta":{"site-sidebar-layout":"no-sidebar","site-content-layout":"plain-container","ast-site-content-layout":"normal-width-container","site-content-style":"unboxed","site-sidebar-style":"unboxed","ast-global-header-display":"","ast-banner-title-visibility":"","ast-main-header-display":"","ast-hfb-above-header-display":"","ast-hfb-below-header-display":"","ast-hfb-mobile-header-display":"","site-post-title":"disabled","ast-breadcrumbs-content":"","ast-featured-img":"disabled","footer-sml-layout":"","ast-disable-related-posts":"","theme-transparent-header-meta":"default","adv-header-id-meta":"","stick-header-meta":"default","header-above-stick-meta":"","header-main-stick-meta":"","header-below-stick-meta":"","astra-migrate-meta-layouts":"set","ast-page-background-enabled":"default","ast-page-background-meta":{"desktop":{"background-color":"","background-image":"","background-repeat":"repeat","background-position":"center center","background-size":"auto","background-attachment":"scroll","background-type":"","background-media":"","overlay-type":"","overlay-color":"","overlay-opacity":"","overlay-gradient":""},"tablet":{"background-color":"","background-image":"","background-repeat":"repeat","background-position":"center center","background-size":"auto","background-attachment":"scroll","background-type":"","background-media":"","overlay-type":"","overlay-color":"","overlay-opacity":"","overlay-gradient":""},"mobile":{"background-color":"","background-image":"","background-repeat":"repeat","background-position":"center center","background-size":"auto","background-attachment":"scroll","background-type":"","background-media":"","overlay-type":"","overlay-color":"","overlay-opacity":"","overlay-gradient":""}},"ast-content-background-meta":{"desktop":{"background-color":"var(--ast-global-color-4)","background-image":"","background-repeat":"repeat","background-position":"center center","background-size":"auto","background-attachment":"scroll","background-type":"","background-media":"","overlay-type":"","overlay-color":"","overlay-opacity":"","overlay-gradient":""},"tablet":{"background-color":"var(--ast-global-color-4)","background-image":"","background-repeat":"repeat","background-position":"center center","background-size":"auto","background-attachment":"scroll","background-type":"","background-media":"","overlay-type":"","overlay-color":"","overlay-opacity":"","overlay-gradient":""},"mobile":{"background-color":"var(--ast-global-color-4)","background-image":"","background-repeat":"repeat","background-position":"center center","background-size":"auto","background-attachment":"scroll","background-type":"","background-media":"","overlay-type":"","overlay-color":"","overlay-opacity":"","overlay-gradient":""}},"pgc_sgb_lightbox_settings":"","footnotes":""},"class_list":["post-626","page","type-page","status-publish","hentry"],"_links":{"self":[{"href":"https:\/\/oldtimerfreunde-ansbach.de\/wp_ofa\/wp-json\/wp\/v2\/pages\/626","targetHints":{"allow":["GET"]}}],"collection":[{"href":"https:\/\/oldtimerfreunde-ansbach.de\/wp_ofa\/wp-json\/wp\/v2\/pages"}],"about":[{"href":"https:\/\/oldtimerfreunde-ansbach.de\/wp_ofa\/wp-json\/wp\/v2\/types\/page"}],"author":[{"embeddable":true,"href":"https:\/\/oldtimerfreunde-ansbach.de\/wp_ofa\/wp-json\/wp\/v2\/users\/1"}],"replies":[{"embeddable":true,"href":"https:\/\/oldtimerfreunde-ansbach.de\/wp_ofa\/wp-json\/wp\/v2\/comments?post=626"}],"version-history":[{"count":19,"href":"https:\/\/oldtimerfreunde-ansbach.de\/wp_ofa\/wp-json\/wp\/v2\/pages\/626\/revisions"}],"predecessor-version":[{"id":3488,"href":"https:\/\/oldtimerfreunde-ansbach.de\/wp_ofa\/wp-json\/wp\/v2\/pages\/626\/revisions\/3488"}],"wp:attachment":[{"href":"https:\/\/oldtimerfreunde-ansbach.de\/wp_ofa\/wp-json\/wp\/v2\/media?parent=626"}],"curies":[{"name":"wp","href":"https:\/\/api.w.org\/{rel}","templated":true}]}}