{"id":624,"date":"2020-09-18T13:25:40","date_gmt":"2020-09-18T13:25:40","guid":{"rendered":"https:\/\/automobile-exoten.de\/wp_ae\/index.php\/home\/"},"modified":"2025-08-28T14:07:04","modified_gmt":"2025-08-28T14:07:04","slug":"start","status":"publish","type":"page","link":"https:\/\/oldtimerfreunde-ansbach.de\/wp_ofa\/","title":{"rendered":"Start"},"content":{"rendered":"\n<div class=\"wp-block-cover alignfull is-light has-custom-content-position is-position-bottom-center\" style=\"min-height:850px;aspect-ratio:unset;\"><img loading=\"lazy\" decoding=\"async\" width=\"1024\" height=\"683\" class=\"wp-block-cover__image-background wp-image-3481 size-large\" alt=\"\" src=\"https:\/\/oldtimerfreunde-ansbach.de\/wp_ofa\/wp-content\/uploads\/2025\/08\/bild-1024x683.jpg\" data-object-fit=\"cover\" srcset=\"https:\/\/oldtimerfreunde-ansbach.de\/wp_ofa\/wp-content\/uploads\/2025\/08\/bild-1024x683.jpg 1024w, https:\/\/oldtimerfreunde-ansbach.de\/wp_ofa\/wp-content\/uploads\/2025\/08\/bild-300x200.jpg 300w, https:\/\/oldtimerfreunde-ansbach.de\/wp_ofa\/wp-content\/uploads\/2025\/08\/bild-768x512.jpg 768w, https:\/\/oldtimerfreunde-ansbach.de\/wp_ofa\/wp-content\/uploads\/2025\/08\/bild-1536x1024.jpg 1536w, https:\/\/oldtimerfreunde-ansbach.de\/wp_ofa\/wp-content\/uploads\/2025\/08\/bild.jpg 1600w\" sizes=\"auto, (max-width: 1024px) 100vw, 1024px\" \/><span aria-hidden=\"true\" class=\"wp-block-cover__background has-background-dim\" style=\"background-color:#93908e\"><\/span><div class=\"wp-block-cover__inner-container is-layout-flow wp-block-cover-is-layout-flow\">\n<div class=\"wp-block-group alignwide is-layout-flow wp-block-group-is-layout-flow\"><div class=\"wp-block-group__inner-container\">\n<h1 class=\"wp-block-heading has-text-align-center has-white-color has-text-color\">Unsere Liebe zum Bew\u00e4hrten<\/h1>\n\n\n\n<h3 class=\"wp-block-heading has-text-align-center has-white-color has-text-color\">\u00e4lter ist sch\u00f6ner<br>oder als Autos noch Klassiker waren<\/h3>\n\n\n\n<div class=\"wp-block-buttons is-horizontal is-content-justification-center is-layout-flex wp-container-core-buttons-is-layout-03627597 wp-block-buttons-is-layout-flex\">\n<div class=\"wp-block-button\"><a class=\"wp-block-button__link has-white-color has-text-color has-background wp-element-button\" href=\"https:\/\/oldtimerfreunde-ansbach.de\/wp_ofa\/termine\/\" style=\"background-color:#bd0104\">zu unseren lieblingsveranstaltungen<\/a><\/div>\n<\/div>\n<\/div><\/div>\n<\/div><\/div>\n\n\n<style>.wp-block-kadence-spacer.kt-block-spacer-624_89530f-b1 .kt-block-spacer{height:50px;}.wp-block-kadence-spacer.kt-block-spacer-624_89530f-b1 .kt-divider{border-top-width:1px;height:1px;border-top-color:#eee;width:80%;border-top-style:solid;}<\/style>\n<div class=\"wp-block-kadence-spacer aligncenter kt-block-spacer-624_89530f-b1\"><div class=\"kt-block-spacer kt-block-spacer-halign-center\"><\/div><\/div>\n\n\n\n<p class=\"has-text-align-center\">Handel mit gebrauchten und exotischen Fahrzeugen seit \u00fcber 30 Jahren.<br>Vorwiegend Italien- oder US-Importe. Von der Qualit\u00e4t k\u00f6nnen Sie sich gerne vor Ort selbst \u00fcberzeugen.<\/p>\n\n\n<style>.wp-block-kadence-spacer.kt-block-spacer-624_4c07d9-d8 .kt-block-spacer{height:50px;}.wp-block-kadence-spacer.kt-block-spacer-624_4c07d9-d8 .kt-divider{border-top-width:1px;height:1px;border-top-color:#bd0104;width:33%;border-top-style:solid;}<\/style>\n<div class=\"wp-block-kadence-spacer aligncenter kt-block-spacer-624_4c07d9-d8\"><div class=\"kt-block-spacer kt-block-spacer-halign-center\"><hr class=\"kt-divider\"\/><\/div><\/div>\n\n\n\n<h3 class=\"wp-block-heading has-text-align-center\">Wir lieben:<\/h3>\n\n\n\n<p class=\"has-text-align-center\">Alles was alt ist.<br> \u00a0<\/p>\n\n\n\n<div class=\"wp-block-columns has-background is-layout-flex wp-container-core-columns-is-layout-28f84493 wp-block-columns-is-layout-flex\" style=\"background-color:#f0f3f5\">\n<div class=\"wp-block-column is-vertically-aligned-center is-layout-flow wp-block-column-is-layout-flow\" style=\"flex-basis:50%\">\n<h2 class=\"wp-block-heading has-text-align-center\">\u00dcber uns<\/h2>\n\n\n\n<p class=\"has-text-align-center\">Vintage \u2013 Retro\u2026 Begriffe die wir unz\u00e4hlige Male geh\u00f6rt haben. <br>Warum sind Retro-Dinge so beliebt und allgegenw\u00e4rtig?<\/p>\n\n\n\n<div class=\"wp-block-buttons is-horizontal is-content-justification-center is-layout-flex wp-container-core-buttons-is-layout-03627597 wp-block-buttons-is-layout-flex\">\n<div class=\"wp-block-button\"><a class=\"wp-block-button__link wp-element-button\" href=\"https:\/\/oldtimerfreunde-ansbach.de\/wp_ofa\/ueber-mich\/\" rel=\"\">Mehr<\/a><\/div>\n<\/div>\n<\/div>\n\n\n\n<div class=\"wp-block-column is-layout-flow wp-block-column-is-layout-flow\" style=\"flex-basis:50%\"><\/div>\n<\/div>\n\n\n\n<div class=\"wp-block-columns is-layout-flex wp-container-core-columns-is-layout-28f84493 wp-block-columns-is-layout-flex\">\n<div class=\"wp-block-column is-layout-flow wp-block-column-is-layout-flow\" style=\"flex-basis:100%\"><\/div>\n<\/div>\n","protected":false},"excerpt":{"rendered":"<p>Handel mit gebrauchten und exotischen Fahrzeugen seit \u00fcber 30 Jahren.Vorwiegend Italien- oder US-Importe. Von der Qualit\u00e4t k\u00f6nnen Sie sich gerne vor Ort selbst \u00fcberzeugen. Wir lieben: Alles was alt ist. \u00a0 \u00dcber uns Vintage \u2013 Retro\u2026 Begriffe die wir unz\u00e4hlige Male geh\u00f6rt haben. Warum sind Retro-Dinge so beliebt und allgegenw\u00e4rtig?<\/p>\n","protected":false},"author":1,"featured_media":0,"parent":0,"menu_order":0,"comment_status":"closed","ping_status":"closed","template":"","meta":{"site-sidebar-layout":"no-sidebar","site-content-layout":"plain-container","ast-site-content-layout":"normal-width-container","site-content-style":"unboxed","site-sidebar-style":"unboxed","ast-global-header-display":"","ast-banner-title-visibility":"","ast-main-header-display":"","ast-hfb-above-header-display":"","ast-hfb-below-header-display":"","ast-hfb-mobile-header-display":"","site-post-title":"disabled","ast-breadcrumbs-content":"","ast-featured-img":"disabled","footer-sml-layout":"","ast-disable-related-posts":"","theme-transparent-header-meta":"default","adv-header-id-meta":"","stick-header-meta":"default","header-above-stick-meta":"","header-main-stick-meta":"","header-below-stick-meta":"","astra-migrate-meta-layouts":"set","ast-page-background-enabled":"default","ast-page-background-meta":{"desktop":{"background-color":"","background-image":"","background-repeat":"repeat","background-position":"center center","background-size":"auto","background-attachment":"scroll","background-type":"","background-media":"","overlay-type":"","overlay-color":"","overlay-opacity":"","overlay-gradient":""},"tablet":{"background-color":"","background-image":"","background-repeat":"repeat","background-position":"center center","background-size":"auto","background-attachment":"scroll","background-type":"","background-media":"","overlay-type":"","overlay-color":"","overlay-opacity":"","overlay-gradient":""},"mobile":{"background-color":"","background-image":"","background-repeat":"repeat","background-position":"center center","background-size":"auto","background-attachment":"scroll","background-type":"","background-media":"","overlay-type":"","overlay-color":"","overlay-opacity":"","overlay-gradient":""}},"ast-content-background-meta":{"desktop":{"background-color":"var(--ast-global-color-4)","background-image":"","background-repeat":"repeat","background-position":"center center","background-size":"auto","background-attachment":"scroll","background-type":"","background-media":"","overlay-type":"","overlay-color":"","overlay-opacity":"","overlay-gradient":""},"tablet":{"background-color":"var(--ast-global-color-4)","background-image":"","background-repeat":"repeat","background-position":"center center","background-size":"auto","background-attachment":"scroll","background-type":"","background-media":"","overlay-type":"","overlay-color":"","overlay-opacity":"","overlay-gradient":""},"mobile":{"background-color":"var(--ast-global-color-4)","background-image":"","background-repeat":"repeat","background-position":"center center","background-size":"auto","background-attachment":"scroll","background-type":"","background-media":"","overlay-type":"","overlay-color":"","overlay-opacity":"","overlay-gradient":""}},"pgc_sgb_lightbox_settings":"","footnotes":""},"class_list":["post-624","page","type-page","status-publish","hentry"],"_links":{"self":[{"href":"https:\/\/oldtimerfreunde-ansbach.de\/wp_ofa\/wp-json\/wp\/v2\/pages\/624","targetHints":{"allow":["GET"]}}],"collection":[{"href":"https:\/\/oldtimerfreunde-ansbach.de\/wp_ofa\/wp-json\/wp\/v2\/pages"}],"about":[{"href":"https:\/\/oldtimerfreunde-ansbach.de\/wp_ofa\/wp-json\/wp\/v2\/types\/page"}],"author":[{"embeddable":true,"href":"https:\/\/oldtimerfreunde-ansbach.de\/wp_ofa\/wp-json\/wp\/v2\/users\/1"}],"replies":[{"embeddable":true,"href":"https:\/\/oldtimerfreunde-ansbach.de\/wp_ofa\/wp-json\/wp\/v2\/comments?post=624"}],"version-history":[{"count":37,"href":"https:\/\/oldtimerfreunde-ansbach.de\/wp_ofa\/wp-json\/wp\/v2\/pages\/624\/revisions"}],"predecessor-version":[{"id":3482,"href":"https:\/\/oldtimerfreunde-ansbach.de\/wp_ofa\/wp-json\/wp\/v2\/pages\/624\/revisions\/3482"}],"wp:attachment":[{"href":"https:\/\/oldtimerfreunde-ansbach.de\/wp_ofa\/wp-json\/wp\/v2\/media?parent=624"}],"curies":[{"name":"wp","href":"https:\/\/api.w.org\/{rel}","templated":true}]}}